{"id":7153,"date":"2023-05-12T07:43:02","date_gmt":"2023-05-12T00:43:02","guid":{"rendered":"https:\/\/greener.vn\/?page_id=7153"},"modified":"2025-06-02T16:02:14","modified_gmt":"2025-06-02T09:02:14","slug":"about-us","status":"publish","type":"page","link":"https:\/\/greener.vn\/en\/about-us\/","title":{"rendered":"About Us"},"content":{"rendered":"\t\t<div data-elementor-type=\"wp-page\" data-elementor-id=\"7153\" class=\"elementor elementor-7153 elementor-177\">\n\t\t\t\t<div class=\"elementor-element elementor-element-de48112 e-con-full e-flex e-con e-parent\" data-id=\"de48112\" data-element_type=\"container\">\n\t\t<div class=\"elementor-element elementor-element-fe8d7d3 e-con-full e-flex e-con e-child\" data-id=\"fe8d7d3\" data-element_type=\"container\" data-settings=\"{&quot;background_background&quot;:&quot;classic&quot;}\">\n\t\t\t\t<div class=\"elementor-element elementor-element-80d97b5 elementor-widget elementor-widget-spacer\" data-id=\"80d97b5\" data-element_type=\"widget\" data-widget_type=\"spacer.default\">\n\t\t\t\t\t\t\t<div class=\"elementor-spacer\">\n\t\t\t<div class=\"elementor-spacer-inner\"><\/div>\n\t\t<\/div>\n\t\t\t\t\t\t<\/div>\n\t\t\t\t<\/div>\n\t\t<div class=\"elementor-element elementor-element-dbf18bf e-con-full e-flex e-con e-child\" data-id=\"dbf18bf\" data-element_type=\"container\">\n\t\t<div class=\"elementor-element elementor-element-d85c807 e-flex e-con-boxed e-con e-child\" data-id=\"d85c807\" data-element_type=\"container\">\n\t\t\t\t\t<div class=\"e-con-inner\">\n\t\t\t\t<div class=\"elementor-element elementor-element-f690100 elementor-absolute elementor-hidden-tablet elementor-hidden-mobile elementor-hidden-tablet_extra elementor-hidden-mobile_extra elementor-invisible elementor-widget elementor-widget-image\" data-id=\"f690100\" data-element_type=\"widget\" data-settings=\"{&quot;_position&quot;:&quot;absolute&quot;,&quot;_animation&quot;:&quot;rotateInDownRight&quot;}\" data-widget_type=\"image.default\">\n\t\t\t\t\t\t\t\t\t\t\t\t\t\t\t<img fetchpriority=\"high\" decoding=\"async\" width=\"340\" height=\"357\" src=\"https:\/\/greener.vn\/wp-content\/uploads\/2023\/05\/about-decor-1.png\" class=\"attachment-full size-full wp-image-6916\" alt=\"\" srcset=\"https:\/\/greener.vn\/wp-content\/uploads\/2023\/05\/about-decor-1.png 340w, https:\/\/greener.vn\/wp-content\/uploads\/2023\/05\/about-decor-1-286x300.png 286w\" sizes=\"(max-width: 340px) 100vw, 340px\" \/>\t\t\t\t\t\t\t\t\t\t\t\t\t\t\t<\/div>\n\t\t\t\t<div class=\"elementor-element elementor-element-cb63c72 elementor-widget elementor-widget-text-editor\" data-id=\"cb63c72\" data-element_type=\"widget\" data-widget_type=\"text-editor.default\">\n\t\t\t\t\t\t\t\t\t<div>about us<\/div>\t\t\t\t\t\t\t\t<\/div>\n\t\t\t\t<div class=\"elementor-element elementor-element-0dbafc1 elementor-widget elementor-widget-heading\" data-id=\"0dbafc1\" data-element_type=\"widget\" data-widget_type=\"heading.default\">\n\t\t\t\t\t<h2 class=\"elementor-heading-title elementor-size-default\">Greener Vi\u1ec7t Nam<\/h2>\t\t\t\t<\/div>\n\t\t\t\t<div class=\"elementor-element elementor-element-adb4534 elementor-widget elementor-widget-text-editor\" data-id=\"adb4534\" data-element_type=\"widget\" data-widget_type=\"text-editor.default\">\n\t\t\t\t\t\t\t\t\t<p>Kh\u00f4ng \u0111\u01a1n thu\u1ea7n l\u00e0 nh\u00e0 cung c\u1ea5p, ch\u00fang t\u00f4i kh\u00e1t v\u1ecdng tr\u1edf th\u00e0nh <strong>ki\u1ebfn tr\u00fac s\u01b0 xanh<\/strong> cho ng\u00e0nh HoReCa.<\/p>\t\t\t\t\t\t\t\t<\/div>\n\t\t\t\t<div class=\"elementor-element elementor-element-58e95fe elementor-widget elementor-widget-text-editor\" data-id=\"58e95fe\" data-element_type=\"widget\" data-widget_type=\"text-editor.default\">\n\t\t\t\t\t\t\t\t\t<p>Ch\u00fang t\u00f4i tin r\u1eb1ng s\u1ef1 ph\u00e1t tri\u1ec3n b\u1ec1n v\u1eefng kh\u00f4ng ch\u1ec9 l\u00e0 tr\u00e1ch nhi\u1ec7m m\u00e0 c\u00f2n l\u00e0 c\u01a1 h\u1ed9i \u0111\u1ec3 n\u00e2ng t\u1ea7m tr\u1ea3i nghi\u1ec7m kh\u00e1ch h\u00e0ng v\u00e0 t\u1ed1i \u01b0u h\u00f3a v\u1eadn h\u00e0nh.<\/p>\t\t\t\t\t\t\t\t<\/div>\n\t\t\t\t<div class=\"elementor-element elementor-element-4b905df elementor-widget elementor-widget-text-editor\" data-id=\"4b905df\" data-element_type=\"widget\" data-widget_type=\"text-editor.default\">\n\t\t\t\t\t\t\t\t\t<p>T\u1ea1i Greener.vn, b\u1ea1n s\u1ebd kh\u00e1m ph\u00e1 nh\u1eefng gi\u1ea3i ph\u00e1p v\u00e0 s\u1ea3n ph\u1ea9m th\u00e2n thi\u1ec7n m\u00f4i tr\u01b0\u1eddng <strong>tinh t\u1ebf v\u1ec1 thi\u1ebft k\u1ebf, v\u01b0\u1ee3t tr\u1ed9i v\u1ec1 ch\u1ea5t l\u01b0\u1ee3ng<\/strong>, \u0111\u01b0\u1ee3c tuy\u1ec3n ch\u1ecdn k\u1ef9 l\u01b0\u1ee1ng \u0111\u1ec3 \u0111\u1ed3ng h\u00e0nh c\u00f9ng nh\u00e0 h\u00e0ng, kh\u00e1ch s\u1ea1n, qu\u00e1n cafe, resort c\u1ee7a b\u1ea1n tr\u00ean h\u00e0nh tr\u00ecnh &#8220;xanh h\u00f3a&#8221;. H\u00e3y c\u00f9ng Greener.vn <strong>\u01b0\u01a1m m\u1ea7m nh\u1eefng gi\u00e1 tr\u1ecb b\u1ec1n v\u1eefng<\/strong>, t\u1ea1o d\u1ef1ng m\u1ed9t t\u01b0\u01a1ng lai xanh t\u01b0\u01a1i cho ng\u00e0nh d\u1ecbch v\u1ee5 Vi\u1ec7t Nam.<\/p>\t\t\t\t\t\t\t\t<\/div>\n\t\t\t\t<div class=\"elementor-element elementor-element-c80b661 elementor-button-outline elementor-mobile-align-center elementor-widget elementor-widget-button\" data-id=\"c80b661\" data-element_type=\"widget\" data-widget_type=\"button.default\">\n\t\t\t\t\t\t\t\t\t\t<a class=\"elementor-button elementor-button-link elementor-size-sm\" href=\"https:\/\/greener.vn\/lien-he\/\">\n\t\t\t\t\t\t<span class=\"elementor-button-content-wrapper\">\n\t\t\t\t\t\t<span class=\"elementor-button-icon\">\n\t\t\t\t<svg aria-hidden=\"true\" class=\"e-font-icon-svg e-fas-chevron-right\" viewBox=\"0 0 320 512\" xmlns=\"http:\/\/www.w3.org\/2000\/svg\"><path d=\"M285.476 272.971L91.132 467.314c-9.373 9.373-24.569 9.373-33.941 0l-22.667-22.667c-9.357-9.357-9.375-24.522-.04-33.901L188.505 256 34.484 101.255c-9.335-9.379-9.317-24.544.04-33.901l22.667-22.667c9.373-9.373 24.569-9.373 33.941 0L285.475 239.03c9.373 9.372 9.373 24.568.001 33.941z\"><\/path><\/svg>\t\t\t<\/span>\n\t\t\t\t\t\t\t\t\t<span class=\"elementor-button-text\">Li\u00ean H\u1ec7 Ngay<\/span>\n\t\t\t\t\t<\/span>\n\t\t\t\t\t<\/a>\n\t\t\t\t\t\t\t\t<\/div>\n\t\t\t\t<div class=\"elementor-element elementor-element-1c2fc4a elementor-absolute elementor-hidden-tablet elementor-hidden-mobile elementor-hidden-tablet_extra elementor-hidden-mobile_extra elementor-invisible elementor-widget elementor-widget-image\" data-id=\"1c2fc4a\" data-element_type=\"widget\" data-settings=\"{&quot;_position&quot;:&quot;absolute&quot;,&quot;_animation&quot;:&quot;rollIn&quot;}\" data-widget_type=\"image.default\">\n\t\t\t\t\t\t\t\t\t\t\t\t\t\t\t<img decoding=\"async\" width=\"188\" height=\"128\" src=\"https:\/\/greener.vn\/wp-content\/uploads\/2023\/05\/about-decor-2.png\" class=\"attachment-full size-full wp-image-6917\" alt=\"\" \/>\t\t\t\t\t\t\t\t\t\t\t\t\t\t\t<\/div>\n\t\t\t\t\t<\/div>\n\t\t\t\t<\/div>\n\t\t\t\t<\/div>\n\t\t\t\t<\/div>\n\t\t<div class=\"elementor-element elementor-element-5adb757 e-flex e-con-boxed e-con e-parent\" data-id=\"5adb757\" data-element_type=\"container\" data-settings=\"{&quot;background_background&quot;:&quot;classic&quot;}\">\n\t\t\t\t\t<div class=\"e-con-inner\">\n\t\t\t\t<div class=\"elementor-element elementor-element-a5fec6b elementor-widget__width-initial elementor-view-default elementor-position-top elementor-mobile-position-top elementor-widget elementor-widget-icon-box\" data-id=\"a5fec6b\" data-element_type=\"widget\" data-widget_type=\"icon-box.default\">\n\t\t\t\t\t\t\t<div class=\"elementor-icon-box-wrapper\">\n\n\t\t\t\t\t\t<div class=\"elementor-icon-box-icon\">\n\t\t\t\t<span  class=\"elementor-icon elementor-animation-shrink\">\n\t\t\t\t\t\t\t\t<\/span>\n\t\t\t<\/div>\n\t\t\t\n\t\t\t\t\t\t<div class=\"elementor-icon-box-content\">\n\n\t\t\t\t\t\t\t\t\t<h3 class=\"elementor-icon-box-title\">\n\t\t\t\t\t\t<span  >\n\t\t\t\t\t\t\tGI\u1ea2I PH\u00c1P XANH TO\u00c0N DI\u1ec6N CHO NG\u00c0NH HORECA\t\t\t\t\t\t<\/span>\n\t\t\t\t\t<\/h3>\n\t\t\t\t\n\t\t\t\t\t\t\t\t\t<p class=\"elementor-icon-box-description\">\n\t\t\t\t\t\tTuy\u1ec3n ch\u1ecdn tinh t\u1ebf c\u00e1c s\u1ea3n ph\u1ea9m th\u00e2n thi\u1ec7n m\u00f4i tr\u01b0\u1eddng, \u0111\u00e1p \u1ee9ng m\u1ecdi nhu c\u1ea7u kinh doanh c\u1ee7a b\u1ea1n.\t\t\t\t\t<\/p>\n\t\t\t\t\n\t\t\t<\/div>\n\t\t\t\n\t\t<\/div>\n\t\t\t\t\t\t<\/div>\n\t\t\t\t<div class=\"elementor-element elementor-element-f1ef347 elementor-widget__width-initial elementor-view-default elementor-position-top elementor-mobile-position-top elementor-widget elementor-widget-icon-box\" data-id=\"f1ef347\" data-element_type=\"widget\" data-widget_type=\"icon-box.default\">\n\t\t\t\t\t\t\t<div class=\"elementor-icon-box-wrapper\">\n\n\t\t\t\t\t\t<div class=\"elementor-icon-box-icon\">\n\t\t\t\t<span  class=\"elementor-icon elementor-animation-shrink\">\n\t\t\t\t\t\t\t\t<\/span>\n\t\t\t<\/div>\n\t\t\t\n\t\t\t\t\t\t<div class=\"elementor-icon-box-content\">\n\n\t\t\t\t\t\t\t\t\t<h3 class=\"elementor-icon-box-title\">\n\t\t\t\t\t\t<span  >\n\t\t\t\t\t\t\tCH\u1ea4T L\u01af\u1ee2NG V\u01af\u1ee2T TR\u1ed8I, PH\u00c1T TRI\u1ec2N B\u1ec0N V\u1eeeNG\t\t\t\t\t\t<\/span>\n\t\t\t\t\t<\/h3>\n\t\t\t\t\n\t\t\t\t\t\t\t\t\t<p class=\"elementor-icon-box-description\">\n\t\t\t\t\t\tS\u1ea3n ph\u1ea9m ch\u1ea5t l\u01b0\u1ee3ng cao, an to\u00e0n cho ng\u01b0\u1eddi d\u00f9ng v\u00e0 th\u00e2n thi\u1ec7n v\u1edbi m\u00f4i tr\u01b0\u1eddng.\t\t\t\t\t<\/p>\n\t\t\t\t\n\t\t\t<\/div>\n\t\t\t\n\t\t<\/div>\n\t\t\t\t\t\t<\/div>\n\t\t\t\t<div class=\"elementor-element elementor-element-0fc8a08 elementor-widget__width-initial elementor-view-default elementor-position-top elementor-mobile-position-top elementor-widget elementor-widget-icon-box\" data-id=\"0fc8a08\" data-element_type=\"widget\" data-widget_type=\"icon-box.default\">\n\t\t\t\t\t\t\t<div class=\"elementor-icon-box-wrapper\">\n\n\t\t\t\t\t\t<div class=\"elementor-icon-box-icon\">\n\t\t\t\t<span  class=\"elementor-icon elementor-animation-shrink\">\n\t\t\t\t\t\t\t\t<\/span>\n\t\t\t<\/div>\n\t\t\t\n\t\t\t\t\t\t<div class=\"elementor-icon-box-content\">\n\n\t\t\t\t\t\t\t\t\t<h3 class=\"elementor-icon-box-title\">\n\t\t\t\t\t\t<span  >\n\t\t\t\t\t\t\tN\u1ec0N T\u1ea2NG K\u1ebeT N\u1ed0I TIN C\u1eacY CHO HORECA XANH\t\t\t\t\t\t<\/span>\n\t\t\t\t\t<\/h3>\n\t\t\t\t\n\t\t\t\t\t\t\t\t\t<p class=\"elementor-icon-box-description\">\n\t\t\t\t\t\tC\u1eadp nh\u1eadt xu h\u01b0\u1edbng v\u00e0 ki\u1ebfn th\u1ee9c m\u1edbi nh\u1ea5t v\u1ec1 ph\u00e1t tri\u1ec3n b\u1ec1n v\u1eefng trong ng\u00e0nh.\t\t\t\t\t<\/p>\n\t\t\t\t\n\t\t\t<\/div>\n\t\t\t\n\t\t<\/div>\n\t\t\t\t\t\t<\/div>\n\t\t\t\t<div class=\"elementor-element elementor-element-fbd16bb elementor-widget__width-initial elementor-view-default elementor-position-top elementor-mobile-position-top elementor-widget elementor-widget-icon-box\" data-id=\"fbd16bb\" data-element_type=\"widget\" data-widget_type=\"icon-box.default\">\n\t\t\t\t\t\t\t<div class=\"elementor-icon-box-wrapper\">\n\n\t\t\t\t\t\t<div class=\"elementor-icon-box-icon\">\n\t\t\t\t<span  class=\"elementor-icon elementor-animation-shrink\">\n\t\t\t\t\t\t\t\t<\/span>\n\t\t\t<\/div>\n\t\t\t\n\t\t\t\t\t\t<div class=\"elementor-icon-box-content\">\n\n\t\t\t\t\t\t\t\t\t<h3 class=\"elementor-icon-box-title\">\n\t\t\t\t\t\t<span  >\n\t\t\t\t\t\t\tTI\u00caN PHONG V\u00cc M\u1ed8T VI\u1ec6T NAM XANH H\u01a0N\t\t\t\t\t\t<\/span>\n\t\t\t\t\t<\/h3>\n\t\t\t\t\n\t\t\t\t\t\t\t\t\t<p class=\"elementor-icon-box-description\">\n\t\t\t\t\t\tCam k\u1ebft mang \u0111\u1ebfn nh\u1eefng gi\u1ea3i ph\u00e1p b\u1ec1n v\u1eefng, gi\u1ea3m thi\u1ec3u t\u00e1c \u0111\u1ed9ng \u0111\u1ebfn m\u00f4i tr\u01b0\u1eddng.\t\t\t\t\t<\/p>\n\t\t\t\t\n\t\t\t<\/div>\n\t\t\t\n\t\t<\/div>\n\t\t\t\t\t\t<\/div>\n\t\t\t\t\t<\/div>\n\t\t\t\t<\/div>\n\t\t<div class=\"elementor-element elementor-element-f1939d1 e-flex e-con-boxed e-con e-parent\" data-id=\"f1939d1\" data-element_type=\"container\">\n\t\t\t\t\t<div class=\"e-con-inner\">\n\t\t<div class=\"elementor-element elementor-element-e51efb5 e-con-full e-flex e-con e-child\" data-id=\"e51efb5\" data-element_type=\"container\" data-settings=\"{&quot;background_background&quot;:&quot;classic&quot;}\">\n\t\t<div class=\"elementor-element elementor-element-c751edc e-con-full e-flex e-con e-child\" data-id=\"c751edc\" data-element_type=\"container\" data-settings=\"{&quot;background_background&quot;:&quot;classic&quot;}\">\n\t\t\t\t<div class=\"elementor-element elementor-element-851796f elementor-widget elementor-widget-text-editor\" data-id=\"851796f\" data-element_type=\"widget\" data-widget_type=\"text-editor.default\">\n\t\t\t\t\t\t\t\t\t<p>our story<\/p>\t\t\t\t\t\t\t\t<\/div>\n\t\t\t\t<div class=\"elementor-element elementor-element-6240903 elementor-widget elementor-widget-heading\" data-id=\"6240903\" data-element_type=\"widget\" data-widget_type=\"heading.default\">\n\t\t\t\t\t<h3 class=\"elementor-heading-title elementor-size-default\">Th\u00e0nh l\u1eadp t\u1eeb 2018<\/h3>\t\t\t\t<\/div>\n\t\t\t\t<div class=\"elementor-element elementor-element-4866119 elementor-widget elementor-widget-text-editor\" data-id=\"4866119\" data-element_type=\"widget\" data-widget_type=\"text-editor.default\">\n\t\t\t\t\t\t\t\t\t<p>Ra \u0111\u1eddi v\u1edbi kh\u00e1t v\u1ecdng xanh h\u00f3a ng\u00e0nh HoReCa Vi\u1ec7t Nam. Nh\u1eadn th\u1ea5y nhu c\u1ea7u c\u1ea5p thi\u1ebft v\u1ec1 c\u00e1c gi\u1ea3i ph\u00e1p b\u1ec1n v\u1eefng, ch\u00fang t\u00f4i cung c\u1ea5p tuy\u1ec3n ch\u1ecdn s\u1ea3n ph\u1ea9m th\u00e2n thi\u1ec7n m\u00f4i tr\u01b0\u1eddng ch\u1ea5t l\u01b0\u1ee3ng cao. Greener.vn \u0111\u1ed3ng h\u00e0nh c\u00f9ng nh\u00e0 h\u00e0ng, kh\u00e1ch s\u1ea1n, qu\u00e1n cafe, resort ki\u1ebfn t\u1ea1o t\u01b0\u01a1ng lai xanh, n\u01a1i kinh doanh ph\u00e1t tri\u1ec3n b\u1ec1n v\u1eefng.<\/p>\t\t\t\t\t\t\t\t<\/div>\n\t\t\t\t<div class=\"elementor-element elementor-element-90ba174 elementor-button-type-link show-line-yes elementor-widget elementor-widget-button\" data-id=\"90ba174\" data-element_type=\"widget\" data-widget_type=\"button.default\">\n\t\t\t\t\t\t\t\t\t\t<a class=\"elementor-button elementor-button-link elementor-size-sm\" href=\"https:\/\/greener.vn\/lien-he\/\">\n\t\t\t\t\t\t<span class=\"elementor-button-content-wrapper\">\n\t\t\t\t\t\t<span class=\"elementor-button-icon\">\n\t\t\t\t<svg aria-hidden=\"true\" class=\"e-font-icon-svg e-fas-chevron-right\" viewBox=\"0 0 320 512\" xmlns=\"http:\/\/www.w3.org\/2000\/svg\"><path d=\"M285.476 272.971L91.132 467.314c-9.373 9.373-24.569 9.373-33.941 0l-22.667-22.667c-9.357-9.357-9.375-24.522-.04-33.901L188.505 256 34.484 101.255c-9.335-9.379-9.317-24.544.04-33.901l22.667-22.667c9.373-9.373 24.569-9.373 33.941 0L285.475 239.03c9.373 9.372 9.373 24.568.001 33.941z\"><\/path><\/svg>\t\t\t<\/span>\n\t\t\t\t\t\t\t\t\t<span class=\"elementor-button-text\">Li\u00ean h\u1ec7 ngay<\/span>\n\t\t\t\t\t<\/span>\n\t\t\t\t\t<\/a>\n\t\t\t\t\t\t\t\t<\/div>\n\t\t\t\t<\/div>\n\t\t<div class=\"elementor-element elementor-element-ac47a92 e-con-full elementor-hidden-tablet elementor-hidden-mobile elementor-hidden-mobile_extra e-flex e-con e-child\" data-id=\"ac47a92\" data-element_type=\"container\">\n\t\t\t\t<\/div>\n\t\t\t\t<\/div>\n\t\t<div class=\"elementor-element elementor-element-9e279f7 e-con-full e-flex e-con e-child\" data-id=\"9e279f7\" data-element_type=\"container\" data-settings=\"{&quot;background_background&quot;:&quot;classic&quot;}\">\n\t\t<div class=\"elementor-element elementor-element-36a26d0 e-con-full e-flex e-con e-child\" data-id=\"36a26d0\" data-element_type=\"container\" data-settings=\"{&quot;background_background&quot;:&quot;classic&quot;}\">\n\t\t\t\t<div class=\"elementor-element elementor-element-cee426c elementor-widget elementor-widget-text-editor\" data-id=\"cee426c\" data-element_type=\"widget\" data-widget_type=\"text-editor.default\">\n\t\t\t\t\t\t\t\t\t<p>TH\u00c2N THI\u1ec6N &amp; B\u1ec0N V\u1eeeNG NH\u1ea4T<\/p>\t\t\t\t\t\t\t\t<\/div>\n\t\t\t\t<div class=\"elementor-element elementor-element-86c072f elementor-widget elementor-widget-heading\" data-id=\"86c072f\" data-element_type=\"widget\" data-widget_type=\"heading.default\">\n\t\t\t\t\t<h3 class=\"elementor-heading-title elementor-size-default\">Tuy\u1ec3n ch\u1ecdn tinh t\u1ebf t\u1eeb s\u1ea3n ph\u1ea9m<\/h3>\t\t\t\t<\/div>\n\t\t\t\t<div class=\"elementor-element elementor-element-c2a43b1 elementor-widget elementor-widget-text-editor\" data-id=\"c2a43b1\" data-element_type=\"widget\" data-widget_type=\"text-editor.default\">\n\t\t\t\t\t\t\t\t\t<p data-sourcepos=\"3:1-3:356\">Ch\u00fang t\u00f4i t\u1ef1 h\u00e0o mang \u0111\u1ebfn s\u1ef1 <strong>tuy\u1ec3n ch\u1ecdn tinh t\u1ebf<\/strong> c\u00e1c s\u1ea3n ph\u1ea9m th\u00e2n thi\u1ec7n m\u00f4i tr\u01b0\u1eddng, \u0111\u01b0\u1ee3c <strong>ch\u1ecdn l\u1ecdc k\u1ef9 l\u01b0\u1ee1ng<\/strong> t\u1eeb c\u00e1c nh\u00e0 cung c\u1ea5p uy t\u00edn. M\u1ed7i s\u1ea3n ph\u1ea9m kh\u00f4ng ch\u1ec9 \u0111\u00e1p \u1ee9ng ti\u00eau chu\u1ea9n xanh m\u00e0 c\u00f2n ch\u00fa tr\u1ecdng \u0111\u1ebfn <strong>thi\u1ebft k\u1ebf v\u00e0 ch\u1ea5t l\u01b0\u1ee3ng<\/strong>, gi\u00fap doanh nghi\u1ec7p HoReCa c\u1ee7a b\u1ea1n n\u00e2ng t\u1ea7m tr\u1ea3i nghi\u1ec7m kh\u00e1ch h\u00e0ng m\u1ed9t c\u00e1ch b\u1ec1n v\u1eefng v\u00e0 \u0111\u1ea7y phong c\u00e1ch.<\/p>\t\t\t\t\t\t\t\t<\/div>\n\t\t\t\t<div class=\"elementor-element elementor-element-15d2632 elementor-button-type-link show-line-yes elementor-widget elementor-widget-button\" data-id=\"15d2632\" data-element_type=\"widget\" data-widget_type=\"button.default\">\n\t\t\t\t\t\t\t\t\t\t<a class=\"elementor-button elementor-button-link elementor-size-sm\" href=\"https:\/\/greener.vn\/lien-he\/\">\n\t\t\t\t\t\t<span class=\"elementor-button-content-wrapper\">\n\t\t\t\t\t\t<span class=\"elementor-button-icon\">\n\t\t\t\t<svg aria-hidden=\"true\" class=\"e-font-icon-svg e-fas-chevron-right\" viewBox=\"0 0 320 512\" xmlns=\"http:\/\/www.w3.org\/2000\/svg\"><path d=\"M285.476 272.971L91.132 467.314c-9.373 9.373-24.569 9.373-33.941 0l-22.667-22.667c-9.357-9.357-9.375-24.522-.04-33.901L188.505 256 34.484 101.255c-9.335-9.379-9.317-24.544.04-33.901l22.667-22.667c9.373-9.373 24.569-9.373 33.941 0L285.475 239.03c9.373 9.372 9.373 24.568.001 33.941z\"><\/path><\/svg>\t\t\t<\/span>\n\t\t\t\t\t\t\t\t\t<span class=\"elementor-button-text\">T\u01b0 v\u1ea5n ngay<\/span>\n\t\t\t\t\t<\/span>\n\t\t\t\t\t<\/a>\n\t\t\t\t\t\t\t\t<\/div>\n\t\t\t\t<\/div>\n\t\t<div class=\"elementor-element elementor-element-2f4fc74 e-con-full elementor-hidden-tablet elementor-hidden-mobile elementor-hidden-mobile_extra e-flex e-con e-child\" data-id=\"2f4fc74\" data-element_type=\"container\">\n\t\t\t\t<\/div>\n\t\t\t\t<\/div>\n\t\t\t\t\t<\/div>\n\t\t\t\t<\/div>\n\t\t<div class=\"elementor-element elementor-element-e2d6a32 e-flex e-con-boxed e-con e-parent\" data-id=\"e2d6a32\" data-element_type=\"container\">\n\t\t\t\t\t<div class=\"e-con-inner\">\n\t\t\t\t<div class=\"elementor-element elementor-element-d563c9a elementor-widget elementor-widget-video\" data-id=\"d563c9a\" data-element_type=\"widget\" data-settings=\"{&quot;youtube_url&quot;:&quot;https:\\\/\\\/youtu.be\\\/K2ivvAMEZiE?si=SbC64mC8sxhl6AcI&amp;t=5&quot;,&quot;video_type&quot;:&quot;youtube&quot;,&quot;controls&quot;:&quot;yes&quot;}\" data-widget_type=\"video.default\">\n\t\t\t\t\t\t\t<div class=\"elementor-wrapper elementor-open-inline\">\n\t\t\t<div class=\"elementor-video\"><\/div>\t\t<\/div>\n\t\t\t\t\t\t<\/div>\n\t\t\t\t\t<\/div>\n\t\t\t\t<\/div>\n\t\t<div class=\"elementor-element elementor-element-f871645 e-flex e-con-boxed e-con e-parent\" data-id=\"f871645\" data-element_type=\"container\">\n\t\t\t\t\t<div class=\"e-con-inner\">\n\t\t\t\t<div class=\"elementor-element elementor-element-bd4e623 elementor-widget elementor-widget-text-editor\" data-id=\"bd4e623\" data-element_type=\"widget\" data-widget_type=\"text-editor.default\">\n\t\t\t\t\t\t\t\t\t<p>Ch\u00fang t\u00f4i<\/p>\t\t\t\t\t\t\t\t<\/div>\n\t\t\t\t<div class=\"elementor-element elementor-element-8e077b9 elementor-widget elementor-widget-heading\" data-id=\"8e077b9\" data-element_type=\"widget\" data-widget_type=\"heading.default\">\n\t\t\t\t\t<h2 class=\"elementor-heading-title elementor-size-default\">Mong Mu\u1ed1n<\/h2>\t\t\t\t<\/div>\n\t\t<div class=\"elementor-element elementor-element-29275b2 e-flex e-con-boxed e-con e-child\" data-id=\"29275b2\" data-element_type=\"container\">\n\t\t\t\t\t<div class=\"e-con-inner\">\n\t\t\t\t<div class=\"elementor-element elementor-element-ea6e7e6 elementor-widget__width-initial elementor-position-top elementor-widget elementor-widget-image-box\" data-id=\"ea6e7e6\" data-element_type=\"widget\" data-widget_type=\"image-box.default\">\n\t\t\t\t\t<div class=\"elementor-image-box-wrapper\"><figure class=\"elementor-image-box-img\"><img decoding=\"async\" width=\"100\" height=\"100\" src=\"https:\/\/greener.vn\/wp-content\/uploads\/2025\/05\/greener-lan-toa-song-xanh.jpg\" class=\"elementor-animation-shrink attachment-full size-full wp-image-6753\" alt=\"greener-lan-toa-song-xanh\" \/><\/figure><div class=\"elementor-image-box-content\"><h6 class=\"elementor-image-box-title\">Lan t\u1ecfa<\/h6><p class=\"elementor-image-box-description\">Lan t\u1ecfa m\u1ea1nh m\u1ebd l\u1ed1i s\u1ed1ng xanh<\/p><\/div><\/div>\t\t\t\t<\/div>\n\t\t\t\t<div class=\"elementor-element elementor-element-c42702d elementor-widget__width-initial elementor-position-top elementor-widget elementor-widget-image-box\" data-id=\"c42702d\" data-element_type=\"widget\" data-widget_type=\"image-box.default\">\n\t\t\t\t\t<div class=\"elementor-image-box-wrapper\"><figure class=\"elementor-image-box-img\"><img loading=\"lazy\" decoding=\"async\" width=\"100\" height=\"100\" src=\"https:\/\/greener.vn\/wp-content\/uploads\/2025\/05\/tro-thanh-bieu-tuong-horeca-ben-vung.jpg\" class=\"elementor-animation-shrink attachment-full size-full wp-image-6754\" alt=\"Tr\u1edf th\u00e0nh bi\u1ec3u t\u01b0\u1ee3ng HoReCa b\u1ec1n v\u1eefng\" \/><\/figure><div class=\"elementor-image-box-content\"><h6 class=\"elementor-image-box-title\">B\u1ec1n v\u1eefng<\/h6><p class=\"elementor-image-box-description\">Ki\u1ebfn t\u1ea1o k\u00eanh HoReCa b\u1ec1n v\u1eefng<\/p><\/div><\/div>\t\t\t\t<\/div>\n\t\t\t\t<div class=\"elementor-element elementor-element-a64e5a5 elementor-widget__width-initial elementor-position-top elementor-widget elementor-widget-image-box\" data-id=\"a64e5a5\" data-element_type=\"widget\" data-widget_type=\"image-box.default\">\n\t\t\t\t\t<div class=\"elementor-image-box-wrapper\"><figure class=\"elementor-image-box-img\"><img loading=\"lazy\" decoding=\"async\" width=\"100\" height=\"100\" src=\"https:\/\/greener.vn\/wp-content\/uploads\/2025\/05\/inspire-innovative-green-solutions.jpg\" class=\"elementor-animation-shrink attachment-full size-full wp-image-6762\" alt=\"Kh\u01a1i ngu\u1ed3n s\u00e1ng t\u1ea1o gi\u1ea3i ph\u00e1p xanh\" \/><\/figure><div class=\"elementor-image-box-content\"><h6 class=\"elementor-image-box-title\">S\u00e1ng t\u1ea1o<\/h6><p class=\"elementor-image-box-description\">Kh\u01a1i m\u00e0u s\u00e1ng t\u1ea1o gi\u1ea3i ph\u00e1p xanh<\/p><\/div><\/div>\t\t\t\t<\/div>\n\t\t\t\t<div class=\"elementor-element elementor-element-b06a524 elementor-widget__width-initial elementor-position-top elementor-widget elementor-widget-image-box\" data-id=\"b06a524\" data-element_type=\"widget\" data-widget_type=\"image-box.default\">\n\t\t\t\t\t<div class=\"elementor-image-box-wrapper\"><figure class=\"elementor-image-box-img\"><img loading=\"lazy\" decoding=\"async\" width=\"100\" height=\"100\" src=\"https:\/\/greener.vn\/wp-content\/uploads\/2025\/05\/be-a-reliable-partner.jpg\" class=\"elementor-animation-shrink attachment-full size-full wp-image-6766\" alt=\"\u0110\u1ed3ng h\u00e0nh tin c\u1eady c\u00f9ng \u0111\u1ed1i t\u00e1c\" \/><\/figure><div class=\"elementor-image-box-content\"><h6 class=\"elementor-image-box-title\">\u0110\u1ed3ng h\u00e0nh<\/h6><p class=\"elementor-image-box-description\">\u0110\u1ed3ng h\u00e0nh tin c\u1eady c\u00f9ng \u0111\u1ed1i t\u00e1c<\/p><\/div><\/div>\t\t\t\t<\/div>\n\t\t\t\t<div class=\"elementor-element elementor-element-af8ae8c elementor-widget__width-initial elementor-position-top elementor-widget elementor-widget-image-box\" data-id=\"af8ae8c\" data-element_type=\"widget\" data-widget_type=\"image-box.default\">\n\t\t\t\t\t<div class=\"elementor-image-box-wrapper\"><figure class=\"elementor-image-box-img\"><img loading=\"lazy\" decoding=\"async\" width=\"100\" height=\"100\" src=\"https:\/\/greener.vn\/wp-content\/uploads\/2025\/05\/gop-phan-kien-tao-tuong-lai-xanh.jpg\" class=\"elementor-animation-shrink attachment-full size-full wp-image-6768\" alt=\"G\u00f3p ph\u1ea7n ki\u1ebfn t\u1ea1o t\u01b0\u01a1ng lai xanh\" \/><\/figure><div class=\"elementor-image-box-content\"><h6 class=\"elementor-image-box-title\">T\u01b0\u01a1ng lai<\/h6><p class=\"elementor-image-box-description\">G\u00f3p ph\u1ea7n ki\u1ebfn t\u1ea1o t\u01b0\u01a1ng lai xanh<\/p><\/div><\/div>\t\t\t\t<\/div>\n\t\t\t\t\t<\/div>\n\t\t\t\t<\/div>\n\t\t\t\t\t<\/div>\n\t\t\t\t<\/div>\n\t\t\t\t<\/div>\n\t\t","protected":false},"excerpt":{"rendered":"","protected":false},"author":2,"featured_media":0,"parent":0,"menu_order":0,"comment_status":"closed","ping_status":"closed","template":"template-homepage.php","meta":{"footnotes":""},"class_list":["post-7153","page","type-page","status-publish","hentry"],"_links":{"self":[{"href":"https:\/\/greener.vn\/en\/wp-json\/wp\/v2\/pages\/7153","targetHints":{"allow":["GET"]}}],"collection":[{"href":"https:\/\/greener.vn\/en\/wp-json\/wp\/v2\/pages"}],"about":[{"href":"https:\/\/greener.vn\/en\/wp-json\/wp\/v2\/types\/page"}],"author":[{"embeddable":true,"href":"https:\/\/greener.vn\/en\/wp-json\/wp\/v2\/users\/2"}],"replies":[{"embeddable":true,"href":"https:\/\/greener.vn\/en\/wp-json\/wp\/v2\/comments?post=7153"}],"version-history":[{"count":0,"href":"https:\/\/greener.vn\/en\/wp-json\/wp\/v2\/pages\/7153\/revisions"}],"wp:attachment":[{"href":"https:\/\/greener.vn\/en\/wp-json\/wp\/v2\/media?parent=7153"}],"curies":[{"name":"wp","href":"https:\/\/api.w.org\/{rel}","templated":true}]}}