{"id":7148,"date":"2023-05-12T07:43:28","date_gmt":"2023-05-12T00:43:28","guid":{"rendered":"https:\/\/greener.vn\/?page_id=7148"},"modified":"2025-06-02T16:01:09","modified_gmt":"2025-06-02T09:01:09","slug":"contact-us","status":"publish","type":"page","link":"https:\/\/greener.vn\/en\/contact-us\/","title":{"rendered":"Contact Us"},"content":{"rendered":"\t\t<div data-elementor-type=\"wp-page\" data-elementor-id=\"7148\" class=\"elementor elementor-7148 elementor-180\">\n\t\t\t\t<div class=\"elementor-element elementor-element-26c1c4d e-flex e-con-boxed e-con e-parent\" data-id=\"26c1c4d\" data-element_type=\"container\" data-settings=\"{&quot;background_background&quot;:&quot;classic&quot;}\">\n\t\t\t\t\t<div class=\"e-con-inner\">\n\t\t\t\t<div class=\"elementor-element elementor-element-effd85e elementor-widget elementor-widget-heading\" data-id=\"effd85e\" data-element_type=\"widget\" data-widget_type=\"heading.default\">\n\t\t\t\t\t<h2 class=\"elementor-heading-title elementor-size-default\">Contact Us<\/h2>\t\t\t\t<\/div>\n\t\t<div class=\"elementor-element elementor-element-161f903 e-con-full e-flex e-con e-child\" data-id=\"161f903\" data-element_type=\"container\" data-settings=\"{&quot;background_background&quot;:&quot;classic&quot;}\">\n\t\t<div class=\"elementor-element elementor-element-c6fdf45 e-con-full e-flex e-con e-child\" data-id=\"c6fdf45\" data-element_type=\"container\" data-settings=\"{&quot;background_background&quot;:&quot;classic&quot;}\">\n\t\t\t\t<div class=\"elementor-element elementor-element-2ddc39a elementor-widget elementor-widget-heading\" data-id=\"2ddc39a\" data-element_type=\"widget\" data-widget_type=\"heading.default\">\n\t\t\t\t\t<h5 class=\"elementor-heading-title elementor-size-default\">Th\u00f4ng tin li\u00ean l\u1ea1c<\/h5>\t\t\t\t<\/div>\n\t\t\t\t<div class=\"elementor-element elementor-element-43d02c1 elementor-widget elementor-widget-text-editor\" data-id=\"43d02c1\" data-element_type=\"widget\" data-widget_type=\"text-editor.default\">\n\t\t\t\t\t\t\t\t\t<div><a href=\"tel:+84978571001\">T: +84 97 857 1001<\/a><br \/><a href=\"mailto:sale@ecofriendly.vn\">E: Sale@greener.vn<\/a><\/div>\t\t\t\t\t\t\t\t<\/div>\n\t\t\t\t<div class=\"elementor-element elementor-element-0ca322e elementor-absolute elementor-view-default elementor-widget elementor-widget-icon\" data-id=\"0ca322e\" data-element_type=\"widget\" data-settings=\"{&quot;_position&quot;:&quot;absolute&quot;}\" data-widget_type=\"icon.default\">\n\t\t\t\t\t\t\t<div class=\"elementor-icon-wrapper\">\n\t\t\t<div class=\"elementor-icon\">\n\t\t\t<svg xmlns=\"http:\/\/www.w3.org\/2000\/svg\" width=\"107\" height=\"86\" viewBox=\"0 0 107 86\" fill=\"none\"><path d=\"M90.6667 8C95.0933 8 98.6667 11.5733 98.6667 16V69.3333C98.6667 73.76 95.0933 77.3333 90.6667 77.3333H16C11.5733 77.3333 8 73.76 8 69.3333V16C8 11.5733 11.5733 8 16 8H90.6667ZM90.6667 0H16C7.14667 0 0 7.14667 0 16V69.3333C0 78.1867 7.14667 85.3333 16 85.3333H90.6667C99.52 85.3333 106.667 78.1867 106.667 69.3333V16C106.667 7.14667 99.52 0 90.6667 0Z\" fill=\"#194A33\"><\/path><path d=\"M53.3333 48.8C49.4933 48.8 45.6 47.68 42.24 45.44L19.0933 30.0267C17.28 28.8 16.7467 26.2933 17.9733 24.48C19.2 22.6667 21.7067 22.1333 23.52 23.36L46.6667 38.7733C50.72 41.4933 55.9467 41.4933 60 38.7733L83.1467 23.36C84.96 22.1333 87.4667 22.6133 88.6933 24.48C89.92 26.3467 89.44 28.8 87.5733 30.0267L64.4267 45.44C61.0667 47.68 57.1733 48.8 53.3333 48.8Z\" fill=\"#8CBC4F\"><\/path><\/svg>\t\t\t<\/div>\n\t\t<\/div>\n\t\t\t\t\t\t<\/div>\n\t\t\t\t<\/div>\n\t\t<div class=\"elementor-element elementor-element-379d0fe e-con-full e-flex e-con e-child\" data-id=\"379d0fe\" data-element_type=\"container\" data-settings=\"{&quot;background_background&quot;:&quot;classic&quot;}\">\n\t\t\t\t<div class=\"elementor-element elementor-element-a89d955 elementor-widget elementor-widget-heading\" data-id=\"a89d955\" data-element_type=\"widget\" data-widget_type=\"heading.default\">\n\t\t\t\t\t<h5 class=\"elementor-heading-title elementor-size-default\">Th\u1eddi gian l\u00e0m vi\u1ec7c<\/h5>\t\t\t\t<\/div>\n\t\t\t\t<div class=\"elementor-element elementor-element-181833c elementor-widget elementor-widget-text-editor\" data-id=\"181833c\" data-element_type=\"widget\" data-widget_type=\"text-editor.default\">\n\t\t\t\t\t\t\t\t\t<span style=\"color: var(--light);\">Mon &#8211; Sat:<\/span> 7.00 am &#8211; 8.00 pm<br>\n<span style=\"color: var(--light);\">Sunday:<\/span> 8.00 am &#8211; 6.00 pm\t\t\t\t\t\t\t\t<\/div>\n\t\t\t\t<div class=\"elementor-element elementor-element-b8d0e03 elementor-absolute elementor-view-default elementor-widget elementor-widget-icon\" data-id=\"b8d0e03\" data-element_type=\"widget\" data-settings=\"{&quot;_position&quot;:&quot;absolute&quot;}\" data-widget_type=\"icon.default\">\n\t\t\t\t\t\t\t<div class=\"elementor-icon-wrapper\">\n\t\t\t<div class=\"elementor-icon\">\n\t\t\t<svg xmlns=\"http:\/\/www.w3.org\/2000\/svg\" width=\"107\" height=\"107\" viewBox=\"0 0 107 107\" fill=\"none\"><path d=\"M53.3333 8C78.3467 8 98.6667 28.32 98.6667 53.3333C98.6667 78.3467 78.3467 98.6667 53.3333 98.6667C28.32 98.6667 8 78.3467 8 53.3333C8 28.32 28.32 8 53.3333 8ZM53.3333 0C23.8933 0 0 23.8933 0 53.3333C0 82.7733 23.8933 106.667 53.3333 106.667C82.7733 106.667 106.667 82.7733 106.667 53.3333C106.667 23.8933 82.7733 0 53.3333 0Z\" fill=\"#194A33\"><\/path><path d=\"M40.16 70.5067C39.1467 70.5067 38.1333 70.1333 37.3333 69.3333C35.7867 67.7867 35.7867 65.2267 37.3333 63.68L49.3333 51.68V21.44C49.3333 19.2533 51.1467 17.44 53.3333 17.44C55.52 17.44 57.3333 19.2533 57.3333 21.44V53.3333C57.3333 54.4 56.9067 55.4133 56.16 56.16L42.9867 69.3333C42.1867 70.1333 41.1733 70.5067 40.16 70.5067Z\" fill=\"#8CBC4F\"><\/path><\/svg>\t\t\t<\/div>\n\t\t<\/div>\n\t\t\t\t\t\t<\/div>\n\t\t\t\t<\/div>\n\t\t<div class=\"elementor-element elementor-element-7a543f1 e-con-full e-flex e-con e-child\" data-id=\"7a543f1\" data-element_type=\"container\" data-settings=\"{&quot;background_background&quot;:&quot;classic&quot;}\">\n\t\t\t\t<div class=\"elementor-element elementor-element-606687c elementor-widget elementor-widget-heading\" data-id=\"606687c\" data-element_type=\"widget\" data-widget_type=\"heading.default\">\n\t\t\t\t\t<h5 class=\"elementor-heading-title elementor-size-default\">\u0110\u1ecba Ch\u1ec9<\/h5>\t\t\t\t<\/div>\n\t\t\t\t<div class=\"elementor-element elementor-element-6a93b0f elementor-widget elementor-widget-text-editor\" data-id=\"6a93b0f\" data-element_type=\"widget\" data-widget_type=\"text-editor.default\">\n\t\t\t\t\t\t\t\t\t<p>424 An H\u00f2a, An Ninh T\u00e2y,\u00a0\u0110\u1ee9c H\u00f2a, Long An<\/p>\t\t\t\t\t\t\t\t<\/div>\n\t\t\t\t<div class=\"elementor-element elementor-element-78e4ce5 elementor-absolute elementor-view-default elementor-widget elementor-widget-icon\" data-id=\"78e4ce5\" data-element_type=\"widget\" data-settings=\"{&quot;_position&quot;:&quot;absolute&quot;}\" data-widget_type=\"icon.default\">\n\t\t\t\t\t\t\t<div class=\"elementor-icon-wrapper\">\n\t\t\t<div class=\"elementor-icon\">\n\t\t\t<svg xmlns=\"http:\/\/www.w3.org\/2000\/svg\" width=\"86\" height=\"107\" viewBox=\"0 0 86 107\" fill=\"none\"><path d=\"M42.56 29.3333C48.4267 29.3333 53.2267 34.1333 53.2267 40C53.2267 45.8667 48.4267 50.6667 42.56 50.6667C36.6933 50.6667 31.8933 45.8667 31.8933 40C31.8933 34.1333 36.6933 29.3333 42.56 29.3333ZM42.56 21.3333C32.2667 21.3333 23.8933 29.7067 23.8933 40C23.8933 50.2933 32.2667 58.6667 42.56 58.6667C52.8533 58.6667 61.2267 50.2933 61.2267 40C61.2267 29.7067 52.8533 21.3333 42.56 21.3333Z\" fill=\"#8CBC4F\"><\/path><path d=\"M42.56 8C61.6533 8 77.12 23.52 77.12 42.56C77.12 56.1067 66.8267 75.0933 48.2133 96.0533C46.72 97.7067 44.7467 98.6133 42.56 98.6133C40.3733 98.6133 38.3467 97.7067 36.9067 96.0533C18.24 75.04 8 56.0533 8 42.56C8 23.4667 23.52 8 42.56 8ZM42.56 0C19.04 0 0 19.04 0 42.56C0 63.04 18.3467 87.2 30.9333 101.387C34.0267 104.907 38.2933 106.613 42.56 106.613C46.8267 106.613 51.0933 104.853 54.1867 101.387C66.7733 87.2 85.12 63.04 85.12 42.56C85.12 19.04 66.08 0 42.56 0Z\" fill=\"#194A33\"><\/path><\/svg>\t\t\t<\/div>\n\t\t<\/div>\n\t\t\t\t\t\t<\/div>\n\t\t\t\t<\/div>\n\t\t\t\t<\/div>\n\t\t\t\t\t<\/div>\n\t\t\t\t<\/div>\n\t\t<div class=\"elementor-element elementor-element-1d054b5 e-flex e-con-boxed e-con e-parent\" data-id=\"1d054b5\" data-element_type=\"container\">\n\t\t\t\t\t<div class=\"e-con-inner\">\n\t\t\t\t<div class=\"elementor-element elementor-element-c19d79b elementor-widget elementor-widget-google_maps\" data-id=\"c19d79b\" data-element_type=\"widget\" data-widget_type=\"google_maps.default\">\n\t\t\t\t\t\t\t<div class=\"elementor-custom-embed\">\n\t\t\t<iframe loading=\"lazy\"\n\t\t\t\t\tsrc=\"https:\/\/maps.google.com\/maps?q=Greener%20Straws%20Workshop%20-%20X%C6%B0%E1%BB%9Fng%20%E1%BB%90ng%20H%C3%BAt%20C%E1%BB%8F%20Greener&#038;t=m&#038;z=10&#038;output=embed&#038;iwloc=near\"\n\t\t\t\t\ttitle=\"Greener Straws Workshop - X\u01b0\u1edfng \u1ed0ng H\u00fat C\u1ecf Greener\"\n\t\t\t\t\taria-label=\"Greener Straws Workshop - X\u01b0\u1edfng \u1ed0ng H\u00fat C\u1ecf Greener\"\n\t\t\t><\/iframe>\n\t\t<\/div>\n\t\t\t\t\t\t<\/div>\n\t\t\t\t\t<\/div>\n\t\t\t\t<\/div>\n\t\t<div class=\"elementor-element elementor-element-f4b2d51 e-flex e-con-boxed e-con e-parent\" data-id=\"f4b2d51\" data-element_type=\"container\">\n\t\t\t\t\t<div class=\"e-con-inner\">\n\t\t\t\t<div class=\"elementor-element elementor-element-f6b340d elementor-widget elementor-widget-heading\" data-id=\"f6b340d\" data-element_type=\"widget\" data-widget_type=\"heading.default\">\n\t\t\t\t\t<h2 class=\"elementor-heading-title elementor-size-default\">\u0110\u1ec3 l\u1ea1i tin nh\u1eafn cho ch\u00fang t\u00f4i<\/h2>\t\t\t\t<\/div>\n\t\t\t\t<div class=\"elementor-element elementor-element-570895f elementor-widget elementor-widget-text-editor\" data-id=\"570895f\" data-element_type=\"widget\" data-widget_type=\"text-editor.default\">\n\t\t\t\t\t\t\t\t\t<p>H\u00e3u cho ch\u00fang t\u00f4i bi\u1ebft y\u00eau c\u1ea7u c\u1ee7a b\u1ea1n. Ch\u00fang t\u00f4i s\u1ebd c\u1ed1 g\u1eafng ph\u1ee5c v\u1ee5 b\u1ea1n t\u1ed1t nh\u1ea5t c\u00f3 th\u1ec3<\/p>\t\t\t\t\t\t\t\t<\/div>\n\t\t\t\t<div class=\"elementor-element elementor-element-cc211d6 elementor-widget elementor-widget-teapoz-contactform\" data-id=\"cc211d6\" data-element_type=\"widget\" data-widget_type=\"teapoz-contactform.default\">\n\t\t\t\t<div class=\"elementor-widget-container\">\n\t\t\t\t\t\n<div class=\"wpcf7 no-js\" id=\"wpcf7-f6138-o1\" lang=\"vi-VN\" dir=\"ltr\" data-wpcf7-id=\"6138\">\n<div class=\"screen-reader-response\"><p role=\"status\" aria-live=\"polite\" aria-atomic=\"true\"><\/p> <ul><\/ul><\/div>\n<form action=\"\/en\/wp-json\/wp\/v2\/pages\/7148#wpcf7-f6138-o1\" method=\"post\" class=\"wpcf7-form init\" aria-label=\"Contact form\" novalidate=\"novalidate\" data-status=\"init\">\n<fieldset class=\"hidden-fields-container\"><input type=\"hidden\" name=\"_wpcf7\" value=\"6138\" \/><input type=\"hidden\" name=\"_wpcf7_version\" value=\"6.1.4\" \/><input type=\"hidden\" name=\"_wpcf7_locale\" value=\"vi_VN\" \/><input type=\"hidden\" name=\"_wpcf7_unit_tag\" value=\"wpcf7-f6138-o1\" \/><input type=\"hidden\" name=\"_wpcf7_container_post\" value=\"0\" \/><input type=\"hidden\" name=\"_wpcf7_posted_data_hash\" value=\"\" \/>\n<\/fieldset>\n<div class=\"ct-form\">\n\t<div class=\"row\">\n\t\t<div class=\"column-12 column-tablet-12 column-desktop-12\">\n\t\t\t<p><span class=\"wpcf7-form-control-wrap\" data-name=\"your-name\"><input size=\"40\" maxlength=\"400\" class=\"wpcf7-form-control wpcf7-text wpcf7-validates-as-required\" aria-required=\"true\" aria-invalid=\"false\" placeholder=\"Name *\" value=\"\" type=\"text\" name=\"your-name\" \/><\/span>\n\t\t\t<\/p>\n\t\t<\/div>\n\t\t<div class=\"column-12 column-tablet-12 column-desktop-12\">\n\t\t\t<p><span class=\"wpcf7-form-control-wrap\" data-name=\"your-phone\"><input size=\"40\" maxlength=\"400\" class=\"wpcf7-form-control wpcf7-tel wpcf7-validates-as-required wpcf7-text wpcf7-validates-as-tel\" aria-required=\"true\" aria-invalid=\"false\" placeholder=\"Phone *\" value=\"\" type=\"tel\" name=\"your-phone\" \/><\/span>\n\t\t\t<\/p>\n\t\t<\/div>\n\t\t<div class=\"column-12 column-tablet-12 column-desktop-12\">\n\t\t\t<p><span class=\"wpcf7-form-control-wrap\" data-name=\"your-email\"><input size=\"40\" maxlength=\"400\" class=\"wpcf7-form-control wpcf7-email wpcf7-validates-as-required wpcf7-text wpcf7-validates-as-email\" aria-required=\"true\" aria-invalid=\"false\" placeholder=\"Email *\" value=\"\" type=\"email\" name=\"your-email\" \/><\/span>\n\t\t\t<\/p>\n\t\t<\/div>\n\t\t<div class=\"column-12 column-tablet-12 column-desktop-12\">\n\t\t\t<p><span class=\"wpcf7-form-control-wrap\" data-name=\"your-message\"><textarea cols=\"40\" rows=\"5\" maxlength=\"2000\" class=\"wpcf7-form-control wpcf7-textarea\" aria-invalid=\"false\" placeholder=\"Enter your message...\" name=\"your-message\"><\/textarea><\/span>\n\t\t\t<\/p>\n\t\t<\/div>\n\t<\/div>\n\t<div class=\"wpcf7-button\">\n\t\t<p><button type=\"submit\" value=\"Submit Now\">send your massage<i class=\"teapoz-icon-arrow-right\"><\/i><\/button>\n\t\t<\/p>\n\t<\/div>\n<\/div><div class=\"wpcf7-response-output\" aria-hidden=\"true\"><\/div>\n<\/form>\n<\/div>\n\t\t\t\t<\/div>\n\t\t\t\t<\/div>\n\t\t\t\t\t<\/div>\n\t\t\t\t<\/div>\n\t\t\t\t<\/div>\n\t\t","protected":false},"excerpt":{"rendered":"<p>Contact Us Th\u00f4ng tin li\u00ean l\u1ea1c T: +84 97 857 1001E: Sale@greener.vn Th\u1eddi gian l\u00e0m vi\u1ec7c Mon &#8211; Sat: 7.00 am &#8211; 8.00 pm Sunday: 8.00 am &#8211; 6.00 pm \u0110\u1ecba Ch\u1ec9 424 An H\u00f2a, An Ninh T\u00e2y,\u00a0\u0110\u1ee9c H\u00f2a, Long An \u0110\u1ec3 l\u1ea1i tin nh\u1eafn cho ch\u00fang t\u00f4i H\u00e3u cho ch\u00fang t\u00f4i bi\u1ebft y\u00eau c\u1ea7u [&hellip;]<\/p>\n","protected":false},"author":2,"featured_media":0,"parent":0,"menu_order":0,"comment_status":"closed","ping_status":"closed","template":"template-homepage.php","meta":{"footnotes":""},"class_list":["post-7148","page","type-page","status-publish","hentry"],"_links":{"self":[{"href":"https:\/\/greener.vn\/en\/wp-json\/wp\/v2\/pages\/7148","targetHints":{"allow":["GET"]}}],"collection":[{"href":"https:\/\/greener.vn\/en\/wp-json\/wp\/v2\/pages"}],"about":[{"href":"https:\/\/greener.vn\/en\/wp-json\/wp\/v2\/types\/page"}],"author":[{"embeddable":true,"href":"https:\/\/greener.vn\/en\/wp-json\/wp\/v2\/users\/2"}],"replies":[{"embeddable":true,"href":"https:\/\/greener.vn\/en\/wp-json\/wp\/v2\/comments?post=7148"}],"version-history":[{"count":0,"href":"https:\/\/greener.vn\/en\/wp-json\/wp\/v2\/pages\/7148\/revisions"}],"wp:attachment":[{"href":"https:\/\/greener.vn\/en\/wp-json\/wp\/v2\/media?parent=7148"}],"curies":[{"name":"wp","href":"https:\/\/api.w.org\/{rel}","templated":true}]}}