{"id":7144,"date":"2025-05-26T10:43:17","date_gmt":"2025-05-26T03:43:17","guid":{"rendered":"https:\/\/greener.vn\/?page_id=7144"},"modified":"2025-06-02T15:59:41","modified_gmt":"2025-06-02T08:59:41","slug":"transportation-support","status":"publish","type":"page","link":"https:\/\/greener.vn\/en\/transportation-support\/","title":{"rendered":"Transportation support"},"content":{"rendered":"<h1 data-sourcepos=\"5:1-5:48\"><strong>Shipping Support Information at Greener.vn<\/strong><\/h1>\n<p data-sourcepos=\"7:1-7:225\">Ch\u00e0o m\u1eebng b\u1ea1n \u0111\u1ebfn v\u1edbi trang th\u00f4ng tin v\u1eadn chuy\u1ec3n c\u1ee7a Greener.vn! Ch\u00fang t\u00f4i lu\u00f4n n\u1ed7 l\u1ef1c \u0111\u1ec3 mang \u0111\u1ebfn tr\u1ea3i nghi\u1ec7m mua s\u1eafm xanh v\u00e0 ti\u1ec7n l\u1ee3i nh\u1ea5t cho b\u1ea1n. D\u01b0\u1edbi \u0111\u00e2y l\u00e0 nh\u1eefng th\u00f4ng tin chi ti\u1ebft v\u1ec1 quy tr\u00ecnh v\u1eadn chuy\u1ec3n c\u1ee7a ch\u00fang t\u00f4i:<\/p>\n<h2 data-sourcepos=\"9:1-9:28\"><strong>1. Ph\u1ea1m vi giao h\u00e0ng:<\/strong><\/h2>\n<p data-sourcepos=\"11:1-11:45\">Ch\u00fang t\u00f4i hi\u1ec7n \u0111ang giao h\u00e0ng tr\u00ean to\u00e0n qu\u1ed1c.<\/p>\n<h2 data-sourcepos=\"13:1-13:35\"><strong>2. C\u00e1c h\u00ecnh th\u1ee9c v\u1eadn chuy\u1ec3n:<\/strong><\/h2>\n<p data-sourcepos=\"15:1-15:166\">Ch\u00fang t\u00f4i h\u1ee3p t\u00e1c v\u1edbi c\u00e1c \u0111\u01a1n v\u1ecb v\u1eadn chuy\u1ec3n uy t\u00edn \u0111\u1ec3 \u0111\u1ea3m b\u1ea3o s\u1ea3n ph\u1ea9m c\u1ee7a b\u1ea1n \u0111\u01b0\u1ee3c giao \u0111\u1ebfn m\u1ed9t c\u00e1ch nhanh ch\u00f3ng v\u00e0 an to\u00e0n. C\u00e1c h\u00ecnh th\u1ee9c v\u1eadn chuy\u1ec3n c\u00f3 th\u1ec3 bao g\u1ed3m:<\/p>\n<ul data-sourcepos=\"17:1-19:0\">\n<li data-sourcepos=\"17:1-17:22\">Giao h\u00e0ng ti\u00eau chu\u1ea9n<\/li>\n<li data-sourcepos=\"18:1-19:0\">Giao h\u00e0ng nhanh (t\u00f9y khu v\u1ef1c)<\/li>\n<\/ul>\n<p data-sourcepos=\"20:1-20:111\">Chi ti\u1ebft v\u1ec1 c\u00e1c h\u00ecnh th\u1ee9c v\u1eadn chuy\u1ec3n kh\u1ea3 d\u1ee5ng cho \u0111\u01a1n h\u00e0ng c\u1ee7a b\u1ea1n s\u1ebd \u0111\u01b0\u1ee3c hi\u1ec3n th\u1ecb trong qu\u00e1 tr\u00ecnh thanh to\u00e1n.<\/p>\n<h2 data-sourcepos=\"22:1-22:38\"><strong>3. Th\u1eddi gian giao h\u00e0ng d\u1ef1 ki\u1ebfn:<\/strong><\/h2>\n<p data-sourcepos=\"24:1-24:145\">Th\u1eddi gian giao h\u00e0ng c\u00f3 th\u1ec3 kh\u00e1c nhau t\u00f9y thu\u1ed9c v\u00e0o \u0111\u1ecba \u0111i\u1ec3m nh\u1eadn h\u00e0ng v\u00e0 h\u00ecnh th\u1ee9c v\u1eadn chuy\u1ec3n b\u1ea1n ch\u1ecdn. D\u01b0\u1edbi \u0111\u00e2y l\u00e0 \u01b0\u1edbc t\u00ednh th\u1eddi gian giao h\u00e0ng:<\/p>\n<ul data-sourcepos=\"26:1-28:0\">\n<li data-sourcepos=\"26:1-26:56\"><strong>N\u1ed9i th\u00e0nh H\u1ed3 Ch\u00ed Minh v\u00e0 H\u00e0 N\u1ed9i:<\/strong> 1-3 ng\u00e0y l\u00e0m vi\u1ec7c<\/li>\n<li data-sourcepos=\"27:1-28:0\"><strong>C\u00e1c t\u1ec9nh th\u00e0nh kh\u00e1c:<\/strong> 2-5 ng\u00e0y l\u00e0m vi\u1ec7c<\/li>\n<\/ul>\n<p data-sourcepos=\"29:1-29:161\"><strong>L\u01b0u \u00fd:<\/strong> Th\u1eddi gian giao h\u00e0ng tr\u00ean ch\u1ec9 l\u00e0 d\u1ef1 ki\u1ebfn v\u00e0 c\u00f3 th\u1ec3 b\u1ecb \u1ea3nh h\u01b0\u1edfng b\u1edfi c\u00e1c y\u1ebfu t\u1ed1 kh\u00e1ch quan nh\u01b0 th\u1eddi ti\u1ebft, d\u1ecbch b\u1ec7nh, ho\u1eb7c qu\u00e1 t\u1ea3i c\u1ee7a \u0111\u01a1n v\u1ecb v\u1eadn chuy\u1ec3n.<\/p>\n<h2 data-sourcepos=\"31:1-31:25\"><strong>4. Ph\u00ed v\u1eadn chuy\u1ec3n:<\/strong><\/h2>\n<p data-sourcepos=\"33:1-33:275\">Ph\u00ed v\u1eadn chuy\u1ec3n s\u1ebd \u0111\u01b0\u1ee3c t\u00ednh d\u1ef1a tr\u00ean tr\u1ecdng l\u01b0\u1ee3ng, k\u00edch th\u01b0\u1edbc c\u1ee7a s\u1ea3n ph\u1ea9m v\u00e0 \u0111\u1ecba \u0111i\u1ec3m nh\u1eadn h\u00e0ng. Chi ph\u00ed v\u1eadn chuy\u1ec3n c\u1ee5 th\u1ec3 s\u1ebd \u0111\u01b0\u1ee3c hi\u1ec3n th\u1ecb r\u00f5 r\u00e0ng trong qu\u00e1 tr\u00ecnh b\u1ea1n \u0111\u1eb7t h\u00e0ng. Ch\u00fang t\u00f4i lu\u00f4n c\u1ed1 g\u1eafng t\u1ed1i \u01b0u h\u00f3a chi ph\u00ed v\u1eadn chuy\u1ec3n \u0111\u1ec3 mang l\u1ea1i l\u1ee3i \u00edch t\u1ed1t nh\u1ea5t cho kh\u00e1ch h\u00e0ng.<\/p>\n<h2 data-sourcepos=\"35:1-35:28\"><strong>5. Theo d\u00f5i \u0111\u01a1n h\u00e0ng:<\/strong><\/h2>\n<p data-sourcepos=\"37:1-37:248\">Sau khi \u0111\u01a1n h\u00e0ng c\u1ee7a b\u1ea1n \u0111\u01b0\u1ee3c x\u00e1c nh\u1eadn v\u00e0 g\u1eedi \u0111i, b\u1ea1n s\u1ebd nh\u1eadn \u0111\u01b0\u1ee3c m\u1ed9t m\u00e3 theo d\u00f5i (tracking number) qua email ho\u1eb7c tin nh\u1eafn SMS. B\u1ea1n c\u00f3 th\u1ec3 s\u1eed d\u1ee5ng m\u00e3 n\u00e0y \u0111\u1ec3 theo d\u00f5i tr\u1ea1ng th\u00e1i \u0111\u01a1n h\u00e0ng c\u1ee7a m\u00ecnh tr\u00ean trang web ho\u1eb7c \u1ee9ng d\u1ee5ng c\u1ee7a \u0111\u01a1n v\u1ecb v\u1eadn chuy\u1ec3n.<\/p>\n<h2 data-sourcepos=\"39:1-39:52\"><strong>6. X\u1eed l\u00fd c\u00e1c v\u1ea5n \u0111\u1ec1 li\u00ean quan \u0111\u1ebfn v\u1eadn chuy\u1ec3n:<\/strong><\/h2>\n<p data-sourcepos=\"41:1-41:210\">N\u1ebfu b\u1ea1n g\u1eb7p b\u1ea5t k\u1ef3 v\u1ea5n \u0111\u1ec1 n\u00e0o li\u00ean quan \u0111\u1ebfn qu\u00e1 tr\u00ecnh v\u1eadn chuy\u1ec3n (v\u00ed d\u1ee5: giao h\u00e0ng tr\u1ec5, s\u1ea3n ph\u1ea9m b\u1ecb h\u01b0 h\u1ecfng trong qu\u00e1 tr\u00ecnh v\u1eadn chuy\u1ec3n), vui l\u00f2ng li\u00ean h\u1ec7 ngay v\u1edbi b\u1ed9 ph\u1eadn Ch\u0103m s\u00f3c Kh\u00e1ch h\u00e0ng c\u1ee7a Greener.vn qua:<\/p>\n<ul data-sourcepos=\"43:1-46:0\">\n<li data-sourcepos=\"43:1-43:44\"><strong>Email:<\/strong> Sale@greener.vn<\/li>\n<li data-sourcepos=\"44:1-44:52\"><strong>S\u1ed1 \u0111i\u1ec7n tho\u1ea1i:<\/strong> 0978571001<\/li>\n<li data-sourcepos=\"45:1-46:0\"><strong>Zalo\/ Whatsapp:<\/strong> +84978571001<\/li>\n<\/ul>\n<p data-sourcepos=\"47:1-47:92\">Ch\u00fang t\u00f4i s\u1ebd c\u1ed1 g\u1eafng h\u1ebft s\u1ee9c \u0111\u1ec3 gi\u1ea3i quy\u1ebft v\u1ea5n \u0111\u1ec1 c\u1ee7a b\u1ea1n m\u1ed9t c\u00e1ch nhanh ch\u00f3ng v\u00e0 th\u1ecfa \u0111\u00e1ng.<\/p>\n<hr data-sourcepos=\"53:1-53:3\" \/>\n<p data-sourcepos=\"55:1-55:150\">Ch\u00fang t\u00f4i hy v\u1ecdng nh\u1eefng th\u00f4ng tin tr\u00ean s\u1ebd gi\u00fap b\u1ea1n hi\u1ec3u r\u00f5 h\u01a1n v\u1ec1 quy tr\u00ecnh v\u1eadn chuy\u1ec3n t\u1ea1i Greener.vn. C\u1ea3m \u01a1n b\u1ea1n \u0111\u00e3 tin t\u01b0\u1edfng v\u00e0 l\u1ef1a ch\u1ecdn Greener.vn!<\/p>\n","protected":false},"excerpt":{"rendered":"<p>Shipping Support Information at Greener.vn Ch\u00e0o m\u1eebng b\u1ea1n \u0111\u1ebfn v\u1edbi trang th\u00f4ng tin v\u1eadn chuy\u1ec3n c\u1ee7a Greener.vn! Ch\u00fang t\u00f4i lu\u00f4n n\u1ed7 l\u1ef1c \u0111\u1ec3 mang \u0111\u1ebfn tr\u1ea3i nghi\u1ec7m mua s\u1eafm xanh v\u00e0 ti\u1ec7n l\u1ee3i nh\u1ea5t cho b\u1ea1n. D\u01b0\u1edbi \u0111\u00e2y l\u00e0 nh\u1eefng th\u00f4ng tin chi ti\u1ebft v\u1ec1 quy tr\u00ecnh v\u1eadn chuy\u1ec3n c\u1ee7a ch\u00fang t\u00f4i: 1. Ph\u1ea1m vi [&hellip;]<\/p>\n","protected":false},"author":2,"featured_media":0,"parent":0,"menu_order":0,"comment_status":"closed","ping_status":"closed","template":"","meta":{"footnotes":""},"class_list":["post-7144","page","type-page","status-publish","hentry"],"_links":{"self":[{"href":"https:\/\/greener.vn\/en\/wp-json\/wp\/v2\/pages\/7144","targetHints":{"allow":["GET"]}}],"collection":[{"href":"https:\/\/greener.vn\/en\/wp-json\/wp\/v2\/pages"}],"about":[{"href":"https:\/\/greener.vn\/en\/wp-json\/wp\/v2\/types\/page"}],"author":[{"embeddable":true,"href":"https:\/\/greener.vn\/en\/wp-json\/wp\/v2\/users\/2"}],"replies":[{"embeddable":true,"href":"https:\/\/greener.vn\/en\/wp-json\/wp\/v2\/comments?post=7144"}],"version-history":[{"count":0,"href":"https:\/\/greener.vn\/en\/wp-json\/wp\/v2\/pages\/7144\/revisions"}],"wp:attachment":[{"href":"https:\/\/greener.vn\/en\/wp-json\/wp\/v2\/media?parent=7144"}],"curies":[{"name":"wp","href":"https:\/\/api.w.org\/{rel}","templated":true}]}}